{"id":1842,"date":"2022-06-29T11:16:27","date_gmt":"2022-06-29T09:16:27","guid":{"rendered":"https:\/\/hogosystem.com\/experience\/"},"modified":"2022-10-04T11:47:11","modified_gmt":"2022-10-04T09:47:11","slug":"experiencia","status":"publish","type":"page","link":"https:\/\/hogosystem.com\/es\/experiencia\/","title":{"rendered":"Experience"},"content":{"rendered":"","protected":false},"excerpt":{"rendered":"","protected":false},"author":2,"featured_media":1604,"parent":0,"menu_order":2,"comment_status":"closed","ping_status":"closed","template":"views\/template-flexible-content.blade.php","meta":{"_acf_changed":false,"footnotes":""},"class_list":["post-1842","page","type-page","status-publish","has-post-thumbnail","hentry"],"acf":[],"yoast_head":"<!-- This site is optimized with the Yoast SEO plugin v27.4 - https:\/\/yoast.com\/product\/yoast-seo-wordpress\/ -->\n<title>Experience - HOGO International<\/title>\n<meta name=\"description\" content=\"El resultado de m\u00e1s de 30 a\u00f1os de investigaci\u00f3n cient\u00edfica sobre los beneficios del sue\u00f1o en la salud f\u00edsica y mental.\" \/>\n<meta name=\"robots\" content=\"index, follow, max-snippet:-1, max-image-preview:large, max-video-preview:-1\" \/>\n<link rel=\"canonical\" href=\"https:\/\/hogosystem.com\/es\/experiencia\/\" \/>\n<meta property=\"og:locale\" content=\"es_ES\" \/>\n<meta property=\"og:type\" content=\"article\" \/>\n<meta property=\"og:title\" content=\"Experience - HOGO International\" \/>\n<meta property=\"og:description\" content=\"El resultado de m\u00e1s de 30 a\u00f1os de investigaci\u00f3n cient\u00edfica sobre los beneficios del sue\u00f1o en la salud f\u00edsica y mental.\" \/>\n<meta property=\"og:url\" content=\"https:\/\/hogosystem.com\/es\/experiencia\/\" \/>\n<meta property=\"og:site_name\" content=\"HOGO International\" \/>\n<meta property=\"article:modified_time\" content=\"2022-10-04T09:47:11+00:00\" \/>\n<meta property=\"og:image\" content=\"https:\/\/hogo-cteyf.kinsta.storage\/production\/uploads\/2022\/06\/Screenshot-2022-04-19-at-09.31-1.jpg\" \/>\n\t<meta property=\"og:image:width\" content=\"2550\" \/>\n\t<meta property=\"og:image:height\" content=\"1430\" \/>\n\t<meta property=\"og:image:type\" content=\"image\/jpeg\" \/>\n<meta name=\"twitter:card\" content=\"summary_large_image\" \/>\n<script type=\"application\/ld+json\" class=\"yoast-schema-graph\">{\"@context\":\"https:\\\/\\\/schema.org\",\"@graph\":[{\"@type\":\"WebPage\",\"@id\":\"https:\\\/\\\/hogosystem.com\\\/es\\\/experiencia\\\/\",\"url\":\"https:\\\/\\\/hogosystem.com\\\/es\\\/experiencia\\\/\",\"name\":\"Experience - HOGO International\",\"isPartOf\":{\"@id\":\"https:\\\/\\\/hogosystem.com\\\/es\\\/#website\"},\"primaryImageOfPage\":{\"@id\":\"https:\\\/\\\/hogosystem.com\\\/es\\\/experiencia\\\/#primaryimage\"},\"image\":{\"@id\":\"https:\\\/\\\/hogosystem.com\\\/es\\\/experiencia\\\/#primaryimage\"},\"thumbnailUrl\":\"https:\\\/\\\/hogo.nm-img.net\\\/uploads\\\/2022\\\/06\\\/Screenshot-2022-04-19-at-09.31-1.jpg\",\"datePublished\":\"2022-06-29T09:16:27+00:00\",\"dateModified\":\"2022-10-04T09:47:11+00:00\",\"description\":\"El resultado de m\u00e1s de 30 a\u00f1os de investigaci\u00f3n cient\u00edfica sobre los beneficios del sue\u00f1o en la salud f\u00edsica y mental.\",\"breadcrumb\":{\"@id\":\"https:\\\/\\\/hogosystem.com\\\/es\\\/experiencia\\\/#breadcrumb\"},\"inLanguage\":\"es\",\"potentialAction\":[{\"@type\":\"ReadAction\",\"target\":[\"https:\\\/\\\/hogosystem.com\\\/es\\\/experiencia\\\/\"]}]},{\"@type\":\"ImageObject\",\"inLanguage\":\"es\",\"@id\":\"https:\\\/\\\/hogosystem.com\\\/es\\\/experiencia\\\/#primaryimage\",\"url\":\"https:\\\/\\\/hogo.nm-img.net\\\/uploads\\\/2022\\\/06\\\/Screenshot-2022-04-19-at-09.31-1.jpg\",\"contentUrl\":\"https:\\\/\\\/hogo.nm-img.net\\\/uploads\\\/2022\\\/06\\\/Screenshot-2022-04-19-at-09.31-1.jpg\",\"width\":2550,\"height\":1430},{\"@type\":\"BreadcrumbList\",\"@id\":\"https:\\\/\\\/hogosystem.com\\\/es\\\/experiencia\\\/#breadcrumb\",\"itemListElement\":[{\"@type\":\"ListItem\",\"position\":1,\"name\":\"Home\",\"item\":\"https:\\\/\\\/hogosystem.com\\\/es\\\/\"},{\"@type\":\"ListItem\",\"position\":2,\"name\":\"Experience\"}]},{\"@type\":\"WebSite\",\"@id\":\"https:\\\/\\\/hogosystem.com\\\/es\\\/#website\",\"url\":\"https:\\\/\\\/hogosystem.com\\\/es\\\/\",\"name\":\"HOGO International\",\"description\":\"The best sleep for your health\",\"publisher\":{\"@id\":\"https:\\\/\\\/hogosystem.com\\\/es\\\/#organization\"},\"potentialAction\":[{\"@type\":\"SearchAction\",\"target\":{\"@type\":\"EntryPoint\",\"urlTemplate\":\"https:\\\/\\\/hogosystem.com\\\/es\\\/?s={search_term_string}\"},\"query-input\":{\"@type\":\"PropertyValueSpecification\",\"valueRequired\":true,\"valueName\":\"search_term_string\"}}],\"inLanguage\":\"es\"},{\"@type\":\"Organization\",\"@id\":\"https:\\\/\\\/hogosystem.com\\\/es\\\/#organization\",\"name\":\"HOGO International\",\"url\":\"https:\\\/\\\/hogosystem.com\\\/es\\\/\",\"logo\":{\"@type\":\"ImageObject\",\"inLanguage\":\"es\",\"@id\":\"https:\\\/\\\/hogosystem.com\\\/es\\\/#\\\/schema\\\/logo\\\/image\\\/\",\"url\":\"https:\\\/\\\/hogo-cteyf.kinsta.storage\\\/production\\\/uploads\\\/2022\\\/07\\\/logo.jpg\",\"contentUrl\":\"https:\\\/\\\/hogo-cteyf.kinsta.storage\\\/production\\\/uploads\\\/2022\\\/07\\\/logo.jpg\",\"width\":600,\"height\":330,\"caption\":\"HOGO International\"},\"image\":{\"@id\":\"https:\\\/\\\/hogosystem.com\\\/es\\\/#\\\/schema\\\/logo\\\/image\\\/\"}}]}<\/script>\n<!-- \/ Yoast SEO plugin. -->","yoast_head_json":{"title":"Experience - HOGO International","description":"El resultado de m\u00e1s de 30 a\u00f1os de investigaci\u00f3n cient\u00edfica sobre los beneficios del sue\u00f1o en la salud f\u00edsica y mental.","robots":{"index":"index","follow":"follow","max-snippet":"max-snippet:-1","max-image-preview":"max-image-preview:large","max-video-preview":"max-video-preview:-1"},"canonical":"https:\/\/hogosystem.com\/es\/experiencia\/","og_locale":"es_ES","og_type":"article","og_title":"Experience - HOGO International","og_description":"El resultado de m\u00e1s de 30 a\u00f1os de investigaci\u00f3n cient\u00edfica sobre los beneficios del sue\u00f1o en la salud f\u00edsica y mental.","og_url":"https:\/\/hogosystem.com\/es\/experiencia\/","og_site_name":"HOGO International","article_modified_time":"2022-10-04T09:47:11+00:00","og_image":[{"width":2550,"height":1430,"url":"https:\/\/hogo-cteyf.kinsta.storage\/production\/uploads\/2022\/06\/Screenshot-2022-04-19-at-09.31-1.jpg","type":"image\/jpeg"}],"twitter_card":"summary_large_image","schema":{"@context":"https:\/\/schema.org","@graph":[{"@type":"WebPage","@id":"https:\/\/hogosystem.com\/es\/experiencia\/","url":"https:\/\/hogosystem.com\/es\/experiencia\/","name":"Experience - HOGO International","isPartOf":{"@id":"https:\/\/hogosystem.com\/es\/#website"},"primaryImageOfPage":{"@id":"https:\/\/hogosystem.com\/es\/experiencia\/#primaryimage"},"image":{"@id":"https:\/\/hogosystem.com\/es\/experiencia\/#primaryimage"},"thumbnailUrl":"https:\/\/hogo.nm-img.net\/uploads\/2022\/06\/Screenshot-2022-04-19-at-09.31-1.jpg","datePublished":"2022-06-29T09:16:27+00:00","dateModified":"2022-10-04T09:47:11+00:00","description":"El resultado de m\u00e1s de 30 a\u00f1os de investigaci\u00f3n cient\u00edfica sobre los beneficios del sue\u00f1o en la salud f\u00edsica y mental.","breadcrumb":{"@id":"https:\/\/hogosystem.com\/es\/experiencia\/#breadcrumb"},"inLanguage":"es","potentialAction":[{"@type":"ReadAction","target":["https:\/\/hogosystem.com\/es\/experiencia\/"]}]},{"@type":"ImageObject","inLanguage":"es","@id":"https:\/\/hogosystem.com\/es\/experiencia\/#primaryimage","url":"https:\/\/hogo.nm-img.net\/uploads\/2022\/06\/Screenshot-2022-04-19-at-09.31-1.jpg","contentUrl":"https:\/\/hogo.nm-img.net\/uploads\/2022\/06\/Screenshot-2022-04-19-at-09.31-1.jpg","width":2550,"height":1430},{"@type":"BreadcrumbList","@id":"https:\/\/hogosystem.com\/es\/experiencia\/#breadcrumb","itemListElement":[{"@type":"ListItem","position":1,"name":"Home","item":"https:\/\/hogosystem.com\/es\/"},{"@type":"ListItem","position":2,"name":"Experience"}]},{"@type":"WebSite","@id":"https:\/\/hogosystem.com\/es\/#website","url":"https:\/\/hogosystem.com\/es\/","name":"HOGO International","description":"The best sleep for your health","publisher":{"@id":"https:\/\/hogosystem.com\/es\/#organization"},"potentialAction":[{"@type":"SearchAction","target":{"@type":"EntryPoint","urlTemplate":"https:\/\/hogosystem.com\/es\/?s={search_term_string}"},"query-input":{"@type":"PropertyValueSpecification","valueRequired":true,"valueName":"search_term_string"}}],"inLanguage":"es"},{"@type":"Organization","@id":"https:\/\/hogosystem.com\/es\/#organization","name":"HOGO International","url":"https:\/\/hogosystem.com\/es\/","logo":{"@type":"ImageObject","inLanguage":"es","@id":"https:\/\/hogosystem.com\/es\/#\/schema\/logo\/image\/","url":"https:\/\/hogo-cteyf.kinsta.storage\/production\/uploads\/2022\/07\/logo.jpg","contentUrl":"https:\/\/hogo-cteyf.kinsta.storage\/production\/uploads\/2022\/07\/logo.jpg","width":600,"height":330,"caption":"HOGO International"},"image":{"@id":"https:\/\/hogosystem.com\/es\/#\/schema\/logo\/image\/"}}]}},"_links":{"self":[{"href":"https:\/\/hogosystem.com\/es\/wp-json\/wp\/v2\/pages\/1842","targetHints":{"allow":["GET"]}}],"collection":[{"href":"https:\/\/hogosystem.com\/es\/wp-json\/wp\/v2\/pages"}],"about":[{"href":"https:\/\/hogosystem.com\/es\/wp-json\/wp\/v2\/types\/page"}],"author":[{"embeddable":true,"href":"https:\/\/hogosystem.com\/es\/wp-json\/wp\/v2\/users\/2"}],"replies":[{"embeddable":true,"href":"https:\/\/hogosystem.com\/es\/wp-json\/wp\/v2\/comments?post=1842"}],"version-history":[{"count":0,"href":"https:\/\/hogosystem.com\/es\/wp-json\/wp\/v2\/pages\/1842\/revisions"}],"wp:featuredmedia":[{"embeddable":true,"href":"https:\/\/hogosystem.com\/es\/wp-json\/wp\/v2\/media\/1604"}],"wp:attachment":[{"href":"https:\/\/hogosystem.com\/es\/wp-json\/wp\/v2\/media?parent=1842"}],"curies":[{"name":"wp","href":"https:\/\/api.w.org\/{rel}","templated":true}]}}