{"id":2075,"date":"2022-05-20T11:16:38","date_gmt":"2022-05-20T09:16:38","guid":{"rendered":"https:\/\/hogosystem.com\/privacy-policy\/"},"modified":"2022-07-26T09:28:13","modified_gmt":"2022-07-26T07:28:13","slug":"politica-de-privacidad","status":"publish","type":"page","link":"https:\/\/hogosystem.com\/es\/politica-de-privacidad\/","title":{"rendered":"Pol\u00edtica de Privacidad"},"content":{"rendered":"\r\n<h2 class=\"wp-block-heading\">General<\/h2>\r\n<p>A los efectos de lo previsto en el Reglamento Europeo de Protecci\u00f3n de Datos UE 2016\/679, de 27 de Abril, del Parlamento y el Consejo, en la Ley Org\u00e1nica 3\/2018, de 5 de Diciembre, de Protecci\u00f3n de Datos Personales y Garant\u00eda de los Derechos Digitales y resto de la normativa nacional vigente, ORIGINBEDS S.L., le informa que cumple i\u0301ntegramente con la legislacio\u0301n vigente en materia de proteccio\u0301n de datos de cara\u0301cter personal, y con los compromisos de confidencialidad propios de su actividad.<\/p>\r\n<p>ORIGINBEDS S.L. pone en su conocimiento la existencia de un sistema de tratamiento de la informacio\u0301n, titularidad de ORIGINBEDS S.L., para las finalidades propias de gestio\u0301n, comunicacio\u0301n e informacio\u0301n. El citado sistema se encuentra descrito en el correspondiente Registro de Actividades de Tratamiento, al que puede acceder el usuario para comprobar la situacio\u0301n de sus dato.<\/p>\r\n<h2>Medidas y niveles de seguridad<\/h2>\r\n<p>ORIGINBEDS S.L. ha adoptado las medidas necesarias para garantizar la seguridad de la informacio\u0301n, tal y como exige el art. 32 del RGPD, segu\u0301n la naturaleza de los datos personales tratados y las circunstancias del tratamiento, con el objeto de evitar, en la medida de lo posible y siempre segu\u0301n el estado de la te\u0301cnica, su alteracio\u0301n, pe\u0301rdida, tratamiento o acceso no autorizado, garantizando con ello la confidencialidad, integridad y disponibilidad de los mismos.<\/p>\r\n<h2>\u00c1mbito de aplicaci\u00f3n<\/h2>\r\n<p>Las medidas de seguridad que el ORIGINBEDS S.L. tenga descritas en el Registro de Actividades de Tratamiento ser\u00e1n aplicadas al conjunto de activos del sistema de tratamiento de la informaci\u00f3n en el que se traten los datos de car\u00e1cter personal, con el objeto de dar cumplimiento a la legislaci\u00f3n vigente en materia de protecci\u00f3n de datos.<\/p>\r\n<p>Todo el personal contratado por ORIGINBEDS S.L. y sus Encargados de Tratamiento, esta\u0301n obligados al cumplimiento de la citada normativa, con especial atencio\u0301n en lo relativo a sus funciones y obligaciones, incluido el deber de secreto que sera\u0301n debidamente determinadas por ORIGINBEDS S.L.<\/p>\r\n<h2>Recogida de datos:<\/h2>\r\n<p>La aceptacio\u0301n de las presentes condiciones, precisa del usuario la recogida de unos datos imprescindibles para la prestacio\u0301n de sus servicios, que le sera\u0301n solicitados personalmente a trave\u0301s de formularios o de la pa\u0301gina Web. En el momento de la recogida de los datos, el usuario sera\u0301 debidamente informado de los derechos que le asisten.<\/p>\r\n<p>Para que la informacio\u0301n que contiene nuestro sistema de tratamiento este\u0301 siempre actualizada y no contenga errores, pedimos a nuestros clientes y usuarios que nos comuniquen, a la mayor brevedad posible, las modificaciones y rectificaciones de sus datos de cara\u0301cter personal.<\/p>\r\n<h2>Objeto: Ejercicio de los derechos<\/h2>\r\n<p>Para ejercitar los Derechos de acceso, oposicio\u0301n, rectificacio\u0301n, cancelacio\u0301n o supresio\u0301n, revocacio\u0301n del consentimiento, limitacio\u0301n del tratamiento de los datos y portabilidad, debera\u0301n dirigirse a ORIGINBEDS S.L., C\/ Pozuelo de Zarz\u00f3n N\u00ba 4, de Madrid, C.P. 28005, Espan\u0303a. Tambi\u00e9n puede presentar reclamaci\u00f3n ante la AEPD. No obstante podra\u0301n utilizarse otros medios que permitan reconocer la identidad del cliente que ejercite cualquiera de los anteriores derechos.<\/p>\r\n<h2>Consentimiento<\/h2>\r\n<p>El usuario prestara\u0301 su consentimiento para que ORIGINBEDS S.L. pueda hacer uso de sus datos personales a fin de prestar un correcto cumplimiento de los servicios<br \/>contratados.<\/p>\r\n<p>La cumplimentacio\u0301n del formulario incluido en el sitio o el envi\u0301o de correos electro\u0301nicos u otras comunicaciones a ORIGINBEDS S.L., implica el consentimiento expreso del usuario a la inclusio\u0301n de sus datos de cara\u0301cter personal en el referido sistema de tratamiento, titularidad de ORIGINBEDS S.L..<\/p>\r\n<p>Al tiempo de la peticio\u0301n de esta informacio\u0301n, se comunicara\u0301 al cliente o usuario del destinatario de la informacio\u0301n, de la finalidad para la cual se recogen los datos, de la identidad y direccio\u0301n de ORIGINBEDS S.L. y de la facultad del usuario de ejercitar los derechos de acceso, oposicio\u0301n, rectificacio\u0301n, cancelacio\u0301n o supresio\u0301n, revocacio\u0301n del consentimiento, limitacio\u0301n del tratamiento de los datos y portabilidad, y a presentar reclamacio\u0301n ante la AEPD.<\/p>\r\n<h2>Cesi\u00f3n a terceros<\/h2>\r\n<p>ORIGINBEDS S.L. no cede datos de car\u00e1cter personal sin el consentimiento expreso de sus titulares, que deber\u00e1 ser concedido en cada ocasi\u00f3n, siendo s\u00f3lo cedidos con la finalidad expresada y siempre con el consentimiento del usuario o cliente.<\/p>\r\n<p>Confidencialidad y secreto profesional<\/p>\r\n<p>Los datos recogidos en todas las comunicaciones privadas entre ORIGINBEDS S.L. y los clientes o usuarios sera\u0301n tratados con absoluta confidencialidad, comprometie\u0301ndose ORIGINBEDS S.L.. a la obligacio\u0301n de secreto de los datos de cara\u0301cter personal, a su deber de guardarlos y adoptar todas las medidas necesarias que eviten su alteracio\u0301n, pe\u0301rdida y tratamiento o acceso no autorizado, de acuerdo con lo establecido en la normativa vigente.<\/p>\r\n<p>Adema\u0301s, tambie\u0301n tendra\u0301 la condicio\u0301n de confidencial la informacio\u0301n de cualquier tipo que las partes intercambien entre si\u0301, aquella que estas acuerden que tiene tal naturaleza, o la que simplemente verse sobre el contenido de dicha informacio\u0301n. La visualizacio\u0301n de datos a trave\u0301s de Internet, no supondra\u0301 el acceso directo a los mismos, salvo consentimiento expreso de su titular para cada ocasio\u0301n.<\/p>\r\n<p>Recomendamos al cliente que no facilite a tercero alguno su identificacio\u0301n, contrasen\u0303a o nu\u0301meros de referencia que ORIGINBEDS S.L. pudiera proporcionarle.<\/p>\r\n<p>Asimismo, para garantizar que la proteccio\u0301n del secreto profesional entre ORIGINBEDS S.L. y el cliente se preserve en todas las comunicaciones, el cliente\/usuario no debe revelar la informacio\u0301n confidencial a terceros.<\/p>\r\n<p>Cambios en la pol\u00edtica de seguridad y protecci\u00f3n de datos<\/p>\r\n<p>ORIGINBEDS S.L. se reserva el derecho de modificar su poli\u0301tica de seguridad y proteccio\u0301n de datos con el objeto de adaptarlo a las novedades legislativas o jurisprudenciales, asi\u0301 como las que pudieran derivarse de co\u0301digos tipo existentes en la materia, o por decisiones corporativas estrate\u0301gicas, con efectos de la fecha de publicacio\u0301n de dicha modificacio\u0301n en la pa\u0301gina Web de ORIGINBEDS S.L.<\/p>\r\n<h2>Direcci\u00f3n de contacto<\/h2>\r\n<p>El presente sitio Web es gestionado por ORIGINBEDS S.L., con CIF B87903746 escriturado el 1 de septiembre de 2.017 en el Registro Mercantil de Madrid en el tomo 36.355, folio 155, inscripci\u00f3n 1 con hoja M-653194.<\/p>\r\n<p>El sistema de tratamiento de la informacio\u0301n creado, esta\u0301 ubicado en ORIGINBEDS S.L., C\/ Pozuelo de Zarz\u00f3n N\u00ba 4, de Madrid, C.P. 28005, Espan\u0303a, bajo la supervisio\u0301n y control de ORIGINBEDS S.L., quien asume la responsabilidad en la adopcio\u0301n de medidas de seguridad de i\u0301ndole te\u0301cnica y organizativa para proteger la confidencialidad e integridad de la informacio\u0301n, de acuerdo con lo establecido en el Reglamento Europeo de Protecci\u00f3n de Datos UE 2016\/679, de 27 de Abril, la Ley Org\u00e1nica 3\/2018, de 5 de Diciembre, de Protecci\u00f3n de Datos Personales y Garant\u00eda de los Derechos Digitales, el resto de la normativa nacional vigente y dem\u00e1s legislaci\u00f3n aplicable.<\/p>\r\n<p>ORIGINBEDS S.L. a tenor de la Ley 34\/2002, de Servicios de la Sociedad de la Informacio\u0301n y del Comercio Electro\u0301nico, les comunica que la acepcio\u0301n amplia de dicha Ley, engloba entre estos servicios el suministro de informacio\u0301n por dicho medio. En todo caso, ser\u00e1 de aplicaci\u00f3n el Reglamento Europeo de Protecci\u00f3n de Datos UE 2016\/679, de 27 de Abril, la Ley Org\u00e1nica 3\/2018, de 5 de Diciembre, de Protecci\u00f3n de Datos Personales y Garant\u00eda de los Derechos Digitales, el resto de la normativa nacional vigente y su normativa de desarrollo, en especial, en lo que se refiere a la obtenci\u00f3n de datos personales, la informaci\u00f3n a los interesados y la creaci\u00f3n y mantenimiento de ficheros de datos personales.<\/p>\r\n<p>&nbsp;<\/p>\r\n","protected":false},"excerpt":{"rendered":"<p>General A los efectos de lo previsto en el Reglamento Europeo de Protecci\u00f3n de Datos UE 2016\/679, de 27 de Abril, del Parlamento y el Consejo, en la Ley Org\u00e1nica 3\/2018, de 5 de Diciembre, de Protecci\u00f3n de Datos Personales y Garant\u00eda de los Derechos Digitales y resto de la normativa nacional vigente, ORIGINBEDS S.L., &hellip; <a href=\"https:\/\/hogosystem.com\/es\/politica-de-privacidad\/\">Continued<\/a><\/p>\n","protected":false},"author":2,"featured_media":0,"parent":0,"menu_order":6,"comment_status":"closed","ping_status":"closed","template":"","meta":{"_acf_changed":false,"footnotes":""},"class_list":["post-2075","page","type-page","status-publish","hentry"],"acf":[],"yoast_head":"<!-- This site is optimized with the Yoast SEO plugin v27.4 - https:\/\/yoast.com\/product\/yoast-seo-wordpress\/ -->\n<title>Pol\u00edtica de Privacidad - HOGO International<\/title>\n<meta name=\"robots\" content=\"noindex, nofollow\" \/>\n<meta property=\"og:locale\" content=\"es_ES\" \/>\n<meta property=\"og:type\" content=\"article\" \/>\n<meta property=\"og:title\" content=\"Pol\u00edtica de Privacidad - HOGO International\" \/>\n<meta property=\"og:description\" content=\"General A los efectos de lo previsto en el Reglamento Europeo de Protecci\u00f3n de Datos UE 2016\/679, de 27 de Abril, del Parlamento y el Consejo, en la Ley Org\u00e1nica 3\/2018, de 5 de Diciembre, de Protecci\u00f3n de Datos Personales y Garant\u00eda de los Derechos Digitales y resto de la normativa nacional vigente, ORIGINBEDS S.L., &hellip; Continued\" \/>\n<meta property=\"og:url\" content=\"https:\/\/hogosystem.com\/es\/politica-de-privacidad\/\" \/>\n<meta property=\"og:site_name\" content=\"HOGO International\" \/>\n<meta property=\"article:modified_time\" content=\"2022-07-26T07:28:13+00:00\" \/>\n<meta name=\"twitter:card\" content=\"summary_large_image\" \/>\n<meta name=\"twitter:label1\" content=\"Tiempo de lectura\" \/>\n\t<meta name=\"twitter:data1\" content=\"5 minutos\" \/>\n<script type=\"application\/ld+json\" class=\"yoast-schema-graph\">{\"@context\":\"https:\\\/\\\/schema.org\",\"@graph\":[{\"@type\":\"WebPage\",\"@id\":\"https:\\\/\\\/hogosystem.com\\\/es\\\/politica-de-privacidad\\\/\",\"url\":\"https:\\\/\\\/hogosystem.com\\\/es\\\/politica-de-privacidad\\\/\",\"name\":\"Pol\u00edtica de Privacidad - HOGO International\",\"isPartOf\":{\"@id\":\"https:\\\/\\\/hogosystem.com\\\/es\\\/#website\"},\"datePublished\":\"2022-05-20T09:16:38+00:00\",\"dateModified\":\"2022-07-26T07:28:13+00:00\",\"breadcrumb\":{\"@id\":\"https:\\\/\\\/hogosystem.com\\\/es\\\/politica-de-privacidad\\\/#breadcrumb\"},\"inLanguage\":\"es\",\"potentialAction\":[{\"@type\":\"ReadAction\",\"target\":[\"https:\\\/\\\/hogosystem.com\\\/es\\\/politica-de-privacidad\\\/\"]}]},{\"@type\":\"BreadcrumbList\",\"@id\":\"https:\\\/\\\/hogosystem.com\\\/es\\\/politica-de-privacidad\\\/#breadcrumb\",\"itemListElement\":[{\"@type\":\"ListItem\",\"position\":1,\"name\":\"Home\",\"item\":\"https:\\\/\\\/hogosystem.com\\\/es\\\/\"},{\"@type\":\"ListItem\",\"position\":2,\"name\":\"Pol\u00edtica de Privacidad\"}]},{\"@type\":\"WebSite\",\"@id\":\"https:\\\/\\\/hogosystem.com\\\/es\\\/#website\",\"url\":\"https:\\\/\\\/hogosystem.com\\\/es\\\/\",\"name\":\"HOGO International\",\"description\":\"The best sleep for your health\",\"publisher\":{\"@id\":\"https:\\\/\\\/hogosystem.com\\\/es\\\/#organization\"},\"potentialAction\":[{\"@type\":\"SearchAction\",\"target\":{\"@type\":\"EntryPoint\",\"urlTemplate\":\"https:\\\/\\\/hogosystem.com\\\/es\\\/?s={search_term_string}\"},\"query-input\":{\"@type\":\"PropertyValueSpecification\",\"valueRequired\":true,\"valueName\":\"search_term_string\"}}],\"inLanguage\":\"es\"},{\"@type\":\"Organization\",\"@id\":\"https:\\\/\\\/hogosystem.com\\\/es\\\/#organization\",\"name\":\"HOGO International\",\"url\":\"https:\\\/\\\/hogosystem.com\\\/es\\\/\",\"logo\":{\"@type\":\"ImageObject\",\"inLanguage\":\"es\",\"@id\":\"https:\\\/\\\/hogosystem.com\\\/es\\\/#\\\/schema\\\/logo\\\/image\\\/\",\"url\":\"https:\\\/\\\/hogo-cteyf.kinsta.storage\\\/production\\\/uploads\\\/2022\\\/07\\\/logo.jpg\",\"contentUrl\":\"https:\\\/\\\/hogo-cteyf.kinsta.storage\\\/production\\\/uploads\\\/2022\\\/07\\\/logo.jpg\",\"width\":600,\"height\":330,\"caption\":\"HOGO International\"},\"image\":{\"@id\":\"https:\\\/\\\/hogosystem.com\\\/es\\\/#\\\/schema\\\/logo\\\/image\\\/\"}}]}<\/script>\n<!-- \/ Yoast SEO plugin. -->","yoast_head_json":{"title":"Pol\u00edtica de Privacidad - HOGO International","robots":{"index":"noindex","follow":"nofollow"},"og_locale":"es_ES","og_type":"article","og_title":"Pol\u00edtica de Privacidad - HOGO International","og_description":"General A los efectos de lo previsto en el Reglamento Europeo de Protecci\u00f3n de Datos UE 2016\/679, de 27 de Abril, del Parlamento y el Consejo, en la Ley Org\u00e1nica 3\/2018, de 5 de Diciembre, de Protecci\u00f3n de Datos Personales y Garant\u00eda de los Derechos Digitales y resto de la normativa nacional vigente, ORIGINBEDS S.L., &hellip; Continued","og_url":"https:\/\/hogosystem.com\/es\/politica-de-privacidad\/","og_site_name":"HOGO International","article_modified_time":"2022-07-26T07:28:13+00:00","twitter_card":"summary_large_image","twitter_misc":{"Tiempo de lectura":"5 minutos"},"schema":{"@context":"https:\/\/schema.org","@graph":[{"@type":"WebPage","@id":"https:\/\/hogosystem.com\/es\/politica-de-privacidad\/","url":"https:\/\/hogosystem.com\/es\/politica-de-privacidad\/","name":"Pol\u00edtica de Privacidad - HOGO International","isPartOf":{"@id":"https:\/\/hogosystem.com\/es\/#website"},"datePublished":"2022-05-20T09:16:38+00:00","dateModified":"2022-07-26T07:28:13+00:00","breadcrumb":{"@id":"https:\/\/hogosystem.com\/es\/politica-de-privacidad\/#breadcrumb"},"inLanguage":"es","potentialAction":[{"@type":"ReadAction","target":["https:\/\/hogosystem.com\/es\/politica-de-privacidad\/"]}]},{"@type":"BreadcrumbList","@id":"https:\/\/hogosystem.com\/es\/politica-de-privacidad\/#breadcrumb","itemListElement":[{"@type":"ListItem","position":1,"name":"Home","item":"https:\/\/hogosystem.com\/es\/"},{"@type":"ListItem","position":2,"name":"Pol\u00edtica de Privacidad"}]},{"@type":"WebSite","@id":"https:\/\/hogosystem.com\/es\/#website","url":"https:\/\/hogosystem.com\/es\/","name":"HOGO International","description":"The best sleep for your health","publisher":{"@id":"https:\/\/hogosystem.com\/es\/#organization"},"potentialAction":[{"@type":"SearchAction","target":{"@type":"EntryPoint","urlTemplate":"https:\/\/hogosystem.com\/es\/?s={search_term_string}"},"query-input":{"@type":"PropertyValueSpecification","valueRequired":true,"valueName":"search_term_string"}}],"inLanguage":"es"},{"@type":"Organization","@id":"https:\/\/hogosystem.com\/es\/#organization","name":"HOGO International","url":"https:\/\/hogosystem.com\/es\/","logo":{"@type":"ImageObject","inLanguage":"es","@id":"https:\/\/hogosystem.com\/es\/#\/schema\/logo\/image\/","url":"https:\/\/hogo-cteyf.kinsta.storage\/production\/uploads\/2022\/07\/logo.jpg","contentUrl":"https:\/\/hogo-cteyf.kinsta.storage\/production\/uploads\/2022\/07\/logo.jpg","width":600,"height":330,"caption":"HOGO International"},"image":{"@id":"https:\/\/hogosystem.com\/es\/#\/schema\/logo\/image\/"}}]}},"_links":{"self":[{"href":"https:\/\/hogosystem.com\/es\/wp-json\/wp\/v2\/pages\/2075","targetHints":{"allow":["GET"]}}],"collection":[{"href":"https:\/\/hogosystem.com\/es\/wp-json\/wp\/v2\/pages"}],"about":[{"href":"https:\/\/hogosystem.com\/es\/wp-json\/wp\/v2\/types\/page"}],"author":[{"embeddable":true,"href":"https:\/\/hogosystem.com\/es\/wp-json\/wp\/v2\/users\/2"}],"replies":[{"embeddable":true,"href":"https:\/\/hogosystem.com\/es\/wp-json\/wp\/v2\/comments?post=2075"}],"version-history":[{"count":0,"href":"https:\/\/hogosystem.com\/es\/wp-json\/wp\/v2\/pages\/2075\/revisions"}],"wp:attachment":[{"href":"https:\/\/hogosystem.com\/es\/wp-json\/wp\/v2\/media?parent=2075"}],"curies":[{"name":"wp","href":"https:\/\/api.w.org\/{rel}","templated":true}]}}