{"id":2164,"date":"2022-05-23T18:05:57","date_gmt":"2022-05-23T16:05:57","guid":{"rendered":"https:\/\/hogosystem.com\/warranty\/"},"modified":"2022-09-01T08:33:08","modified_gmt":"2022-09-01T06:33:08","slug":"garantia-comercial","status":"publish","type":"page","link":"https:\/\/hogosystem.com\/es\/garantia-comercial\/","title":{"rendered":"Garant\u00eda Comercial"},"content":{"rendered":"<p>Sin perjuicio de los derechos atribuidos a los consumidores por la legislaci\u00f3n espa\u00f1ola, las camas Hogo System 07 cuentan con una garant\u00eda de 30 a\u00f1os sujeta a las siguientes condiciones:<\/p>\n<ol>\n<li>El periodo de garant\u00eda empezar\u00e1 a computar el d\u00eda de la recepci\u00f3n de la cama Hogo System 07 y tendr\u00e1 una duraci\u00f3n de 30 a\u00f1os.<\/li>\n<li>Quedan excluidas de la cobertura de garant\u00eda aquellas reclamaciones que tengan su origen en el uso indebido o negligente de la cama adquirida.<\/li>\n<li>La garant\u00eda \u00fanicamente ser\u00e1 v\u00e1lida para el comprador original que hubiera realizado la compra directamente con Hogo. Asimismo, la garant\u00eda \u00fanicamente ser\u00e1 v\u00e1lida si el comprador notificase a Hogo el da\u00f1o, mediante notificaci\u00f3n fehaciente remitida a la direcci\u00f3n facilitada en la firma del presente escrito, en un plazo razonable desde que se tuviera conocimiento del da\u00f1o o se debiera haber tenido conocimiento del mismo.<\/li>\n<li>Una vez recibida la reclamaci\u00f3n, Hogo analizar\u00e1 el problema alegado a la mayor brevedad posible y comunicar\u00e1 al cliente el resultado de su an\u00e1lisis.<\/li>\n<li>En el caso de que el da\u00f1o de la cama estuviera cubierto por la garant\u00eda, la marca tendr\u00e1 la facultad de determinar si la misma debe ser reparada o reemplazada, corriendo Hogo con los gastos de reparaci\u00f3n o sustituci\u00f3n de la cama. En el caso de que Hogo no dispusiera de materiales id\u00e9nticos a los originales al recibir la reclamaci\u00f3n, emplear\u00e1 materiales de un valor igual o superior a los utilizados, pudiendo, en caso contrario, reembolsar al cliente por la diferencia de coste.<\/li>\n<li>En el caso de que los da\u00f1os ocasionados no estuvieran cubiertos por la garant\u00eda el comprador original deber\u00e1 pagar los costes en que se haya incurrido como consecuencia de la reclamaci\u00f3n.<\/li>\n<li>La garant\u00eda no infringe en ninguna forma los derechos de los consumidores bajo la regulaci\u00f3n de protecci\u00f3n de los consumidores aplicable.<\/li>\n<\/ol>\n<p>Garante:<\/p>\n<p>ORIGINBEDS, S.L.<\/p>\n<p>CIF B-87903746<\/p>\n<p>Domicilio: Madrid, calle Pozuelo de Zarz\u00f3n, n\u00famero 4.<\/p>\n<p>Tel\u00e9fono de atenci\u00f3n al cliente:\u00a0<a href=\"tel:+34 917 55 88 29\">+34 917 55 88 29<\/a><\/p>\n<p>Correo electr\u00f3nico del servicio de atenci\u00f3n al cliente: \u00a0<a href=\"mailto:hello@hogo.s.nomatter.dev\" target=\"_blank\" rel=\"noopener\">hello@hogo.s.nomatter.dev<\/a><\/p>\n","protected":false},"excerpt":{"rendered":"<p>Sin perjuicio de los derechos atribuidos a los consumidores por la legislaci\u00f3n espa\u00f1ola, las camas Hogo System 07 cuentan con una garant\u00eda de 30 a\u00f1os sujeta a las siguientes condiciones: El periodo de garant\u00eda empezar\u00e1 a computar el d\u00eda de la recepci\u00f3n de la cama Hogo System 07 y tendr\u00e1 una duraci\u00f3n de 30 a\u00f1os. &hellip; <a href=\"https:\/\/hogosystem.com\/es\/garantia-comercial\/\">Continued<\/a><\/p>\n","protected":false},"author":2,"featured_media":0,"parent":0,"menu_order":4,"comment_status":"closed","ping_status":"closed","template":"","meta":{"_acf_changed":false,"footnotes":""},"class_list":["post-2164","page","type-page","status-publish","hentry"],"acf":[],"yoast_head":"<!-- This site is optimized with the Yoast SEO plugin v27.4 - https:\/\/yoast.com\/product\/yoast-seo-wordpress\/ -->\n<title>Garant\u00eda Comercial - HOGO International<\/title>\n<meta name=\"robots\" content=\"noindex, nofollow\" \/>\n<meta property=\"og:locale\" content=\"es_ES\" \/>\n<meta property=\"og:type\" content=\"article\" \/>\n<meta property=\"og:title\" content=\"Garant\u00eda Comercial - HOGO International\" \/>\n<meta property=\"og:description\" content=\"Sin perjuicio de los derechos atribuidos a los consumidores por la legislaci\u00f3n espa\u00f1ola, las camas Hogo System 07 cuentan con una garant\u00eda de 30 a\u00f1os sujeta a las siguientes condiciones: El periodo de garant\u00eda empezar\u00e1 a computar el d\u00eda de la recepci\u00f3n de la cama Hogo System 07 y tendr\u00e1 una duraci\u00f3n de 30 a\u00f1os. &hellip; Continued\" \/>\n<meta property=\"og:url\" content=\"https:\/\/hogosystem.com\/es\/garantia-comercial\/\" \/>\n<meta property=\"og:site_name\" content=\"HOGO International\" \/>\n<meta property=\"article:modified_time\" content=\"2022-09-01T06:33:08+00:00\" \/>\n<meta name=\"twitter:card\" content=\"summary_large_image\" \/>\n<meta name=\"twitter:label1\" content=\"Tiempo de lectura\" \/>\n\t<meta name=\"twitter:data1\" content=\"2 minutos\" \/>\n<script type=\"application\/ld+json\" class=\"yoast-schema-graph\">{\"@context\":\"https:\\\/\\\/schema.org\",\"@graph\":[{\"@type\":\"WebPage\",\"@id\":\"https:\\\/\\\/hogosystem.com\\\/es\\\/garantia-comercial\\\/\",\"url\":\"https:\\\/\\\/hogosystem.com\\\/es\\\/garantia-comercial\\\/\",\"name\":\"Garant\u00eda Comercial - HOGO International\",\"isPartOf\":{\"@id\":\"https:\\\/\\\/hogosystem.com\\\/es\\\/#website\"},\"datePublished\":\"2022-05-23T16:05:57+00:00\",\"dateModified\":\"2022-09-01T06:33:08+00:00\",\"breadcrumb\":{\"@id\":\"https:\\\/\\\/hogosystem.com\\\/es\\\/garantia-comercial\\\/#breadcrumb\"},\"inLanguage\":\"es\",\"potentialAction\":[{\"@type\":\"ReadAction\",\"target\":[\"https:\\\/\\\/hogosystem.com\\\/es\\\/garantia-comercial\\\/\"]}]},{\"@type\":\"BreadcrumbList\",\"@id\":\"https:\\\/\\\/hogosystem.com\\\/es\\\/garantia-comercial\\\/#breadcrumb\",\"itemListElement\":[{\"@type\":\"ListItem\",\"position\":1,\"name\":\"Home\",\"item\":\"https:\\\/\\\/hogosystem.com\\\/es\\\/\"},{\"@type\":\"ListItem\",\"position\":2,\"name\":\"Garant\u00eda Comercial\"}]},{\"@type\":\"WebSite\",\"@id\":\"https:\\\/\\\/hogosystem.com\\\/es\\\/#website\",\"url\":\"https:\\\/\\\/hogosystem.com\\\/es\\\/\",\"name\":\"HOGO International\",\"description\":\"The best sleep for your health\",\"publisher\":{\"@id\":\"https:\\\/\\\/hogosystem.com\\\/es\\\/#organization\"},\"potentialAction\":[{\"@type\":\"SearchAction\",\"target\":{\"@type\":\"EntryPoint\",\"urlTemplate\":\"https:\\\/\\\/hogosystem.com\\\/es\\\/?s={search_term_string}\"},\"query-input\":{\"@type\":\"PropertyValueSpecification\",\"valueRequired\":true,\"valueName\":\"search_term_string\"}}],\"inLanguage\":\"es\"},{\"@type\":\"Organization\",\"@id\":\"https:\\\/\\\/hogosystem.com\\\/es\\\/#organization\",\"name\":\"HOGO International\",\"url\":\"https:\\\/\\\/hogosystem.com\\\/es\\\/\",\"logo\":{\"@type\":\"ImageObject\",\"inLanguage\":\"es\",\"@id\":\"https:\\\/\\\/hogosystem.com\\\/es\\\/#\\\/schema\\\/logo\\\/image\\\/\",\"url\":\"https:\\\/\\\/hogo-cteyf.kinsta.storage\\\/production\\\/uploads\\\/2022\\\/07\\\/logo.jpg\",\"contentUrl\":\"https:\\\/\\\/hogo-cteyf.kinsta.storage\\\/production\\\/uploads\\\/2022\\\/07\\\/logo.jpg\",\"width\":600,\"height\":330,\"caption\":\"HOGO International\"},\"image\":{\"@id\":\"https:\\\/\\\/hogosystem.com\\\/es\\\/#\\\/schema\\\/logo\\\/image\\\/\"}}]}<\/script>\n<!-- \/ Yoast SEO plugin. -->","yoast_head_json":{"title":"Garant\u00eda Comercial - HOGO International","robots":{"index":"noindex","follow":"nofollow"},"og_locale":"es_ES","og_type":"article","og_title":"Garant\u00eda Comercial - HOGO International","og_description":"Sin perjuicio de los derechos atribuidos a los consumidores por la legislaci\u00f3n espa\u00f1ola, las camas Hogo System 07 cuentan con una garant\u00eda de 30 a\u00f1os sujeta a las siguientes condiciones: El periodo de garant\u00eda empezar\u00e1 a computar el d\u00eda de la recepci\u00f3n de la cama Hogo System 07 y tendr\u00e1 una duraci\u00f3n de 30 a\u00f1os. &hellip; Continued","og_url":"https:\/\/hogosystem.com\/es\/garantia-comercial\/","og_site_name":"HOGO International","article_modified_time":"2022-09-01T06:33:08+00:00","twitter_card":"summary_large_image","twitter_misc":{"Tiempo de lectura":"2 minutos"},"schema":{"@context":"https:\/\/schema.org","@graph":[{"@type":"WebPage","@id":"https:\/\/hogosystem.com\/es\/garantia-comercial\/","url":"https:\/\/hogosystem.com\/es\/garantia-comercial\/","name":"Garant\u00eda Comercial - HOGO International","isPartOf":{"@id":"https:\/\/hogosystem.com\/es\/#website"},"datePublished":"2022-05-23T16:05:57+00:00","dateModified":"2022-09-01T06:33:08+00:00","breadcrumb":{"@id":"https:\/\/hogosystem.com\/es\/garantia-comercial\/#breadcrumb"},"inLanguage":"es","potentialAction":[{"@type":"ReadAction","target":["https:\/\/hogosystem.com\/es\/garantia-comercial\/"]}]},{"@type":"BreadcrumbList","@id":"https:\/\/hogosystem.com\/es\/garantia-comercial\/#breadcrumb","itemListElement":[{"@type":"ListItem","position":1,"name":"Home","item":"https:\/\/hogosystem.com\/es\/"},{"@type":"ListItem","position":2,"name":"Garant\u00eda Comercial"}]},{"@type":"WebSite","@id":"https:\/\/hogosystem.com\/es\/#website","url":"https:\/\/hogosystem.com\/es\/","name":"HOGO International","description":"The best sleep for your health","publisher":{"@id":"https:\/\/hogosystem.com\/es\/#organization"},"potentialAction":[{"@type":"SearchAction","target":{"@type":"EntryPoint","urlTemplate":"https:\/\/hogosystem.com\/es\/?s={search_term_string}"},"query-input":{"@type":"PropertyValueSpecification","valueRequired":true,"valueName":"search_term_string"}}],"inLanguage":"es"},{"@type":"Organization","@id":"https:\/\/hogosystem.com\/es\/#organization","name":"HOGO International","url":"https:\/\/hogosystem.com\/es\/","logo":{"@type":"ImageObject","inLanguage":"es","@id":"https:\/\/hogosystem.com\/es\/#\/schema\/logo\/image\/","url":"https:\/\/hogo-cteyf.kinsta.storage\/production\/uploads\/2022\/07\/logo.jpg","contentUrl":"https:\/\/hogo-cteyf.kinsta.storage\/production\/uploads\/2022\/07\/logo.jpg","width":600,"height":330,"caption":"HOGO International"},"image":{"@id":"https:\/\/hogosystem.com\/es\/#\/schema\/logo\/image\/"}}]}},"_links":{"self":[{"href":"https:\/\/hogosystem.com\/es\/wp-json\/wp\/v2\/pages\/2164","targetHints":{"allow":["GET"]}}],"collection":[{"href":"https:\/\/hogosystem.com\/es\/wp-json\/wp\/v2\/pages"}],"about":[{"href":"https:\/\/hogosystem.com\/es\/wp-json\/wp\/v2\/types\/page"}],"author":[{"embeddable":true,"href":"https:\/\/hogosystem.com\/es\/wp-json\/wp\/v2\/users\/2"}],"replies":[{"embeddable":true,"href":"https:\/\/hogosystem.com\/es\/wp-json\/wp\/v2\/comments?post=2164"}],"version-history":[{"count":0,"href":"https:\/\/hogosystem.com\/es\/wp-json\/wp\/v2\/pages\/2164\/revisions"}],"wp:attachment":[{"href":"https:\/\/hogosystem.com\/es\/wp-json\/wp\/v2\/media?parent=2164"}],"curies":[{"name":"wp","href":"https:\/\/api.w.org\/{rel}","templated":true}]}}