{"id":2165,"date":"2022-05-23T18:05:47","date_gmt":"2022-05-23T16:05:47","guid":{"rendered":"https:\/\/hogosystem.com\/legal-notice\/"},"modified":"2022-07-26T09:27:49","modified_gmt":"2022-07-26T07:27:49","slug":"aviso-legal","status":"publish","type":"page","link":"https:\/\/hogosystem.com\/es\/aviso-legal\/","title":{"rendered":"Aviso Legal"},"content":{"rendered":"<h2>Objeto<\/h2>\n<p>La presente p\u00e1gina Web ha sido dise\u00f1ada para dar a conocer los servicios ofertados por la entidad ORIGINBEDS S.L., C\/ Pozuelo de Zarz\u00f3n N\u00ba 4, de Madrid, C.P. 28005, Espa\u00f1a, con C.I.F. n\u00famero B-87903746 e inscrito en el Registro Mercantil de Madrid al tomo 36355, Folio 155, hoja n\u00famero M-653194, inscripci\u00f3n 1\u00aa; as\u00ed como para la recepci\u00f3n de posibles clientes, contactos comerciales y demandas de empleo<\/p>\n<h2>Propiedad intelectual e industrial<\/h2>\n<p>Los derechos de propiedad intelectual de la p\u00e1gina www.hogo.es, su c\u00f3digo fuente, dise\u00f1o, estructuras de navegaci\u00f3n y los distintos elementos en ella contenidos son titularidad de ORIGINBEDS S.L., a quien corresponde el ejercicio exclusivo de los derechos de explotaci\u00f3n de los mismos en cualquier forma y, en especial, los derechos de reproducci\u00f3n, distribuci\u00f3n, comunicaci\u00f3n p\u00fablica y transformaci\u00f3n, de acuerdo con la legislaci\u00f3n espa\u00f1ola y de la uni\u00f3n europea aplicable.<\/p>\n<p>El portal de ORIGINBEDS S.L., las p\u00e1ginas que comprende y la informaci\u00f3n o elementos contenidos en las mismas, incluyen textos, documentos, fotograf\u00edas, dibujos, representaciones gr\u00e1ficas, programas inform\u00e1ticos, as\u00ed como logotipos, marcas, nombres comerciales, u otros signos distintivos, protegidos por derechos de propiedad intelectual o industrial, de los que ORIGINBEDS S.L. son titulares o leg\u00edtimas licenciatarias.<\/p>\n<h2>Contenidos<\/h2>\n<p>Se facilita a trav\u00e9s de esta Web informaci\u00f3n acerca de servicios destinados a conocimiento p\u00fablico que en todo caso se sujetar\u00e1n a los t\u00e9rminos y condiciones expresamente detallados en cada momento y que son accesibles desde esta p\u00e1gina Web, los cuales se sujetar\u00e1n a las distintas disposiciones legales de aplicaci\u00f3n.<\/p>\n<h2>Acceso y uso<\/h2>\n<p>Tanto el acceso a esta p\u00e1gina Web, como el uso que pueda hacerse de la informaci\u00f3n y contenidos incluidos en la misma, ser\u00e1 de la exclusiva responsabilidad de quien lo realice.<\/p>\n<p>Las condiciones de acceso a este Web estar\u00e1n supeditadas a la legalidad vigente y los principios de la buena fe y uso l\u00edcito por parte del usuario de la misma, quedando prohibido con car\u00e1cter general cualquier tipo de actuaci\u00f3n en perjuicio de ORIGINBEDS S.L.<\/p>\n<p>Se considerar\u00e1 terminantemente prohibido el uso de la presente p\u00e1gina Web con fines ilegales o no autorizados.<\/p>\n<p>Queda prohibida cualquier modalidad de explotaci\u00f3n, incluyendo todo tipo de reproducci\u00f3n, distribuci\u00f3n, cesi\u00f3n a terceros, comunicaci\u00f3n p\u00fablica y transformaci\u00f3n, mediante cualquier tipo de soporte y medio, de las obras antes referidas, creaciones y signos distintivos sin autorizaci\u00f3n previa y expresa de sus respectivos titulares. El incumplimiento de esta prohibici\u00f3n podr\u00e1 constituir infracci\u00f3n sancionable por la legislaci\u00f3n vigente.<\/p>\n<p>No obstante, por su cuenta y riesgo, el usuario podr\u00e1 descargar o realizar copia de tales elementos exclusivamente para su uso personal, siempre que no infrinja ninguno de los derechos de propiedad intelectual o industrial de ORIGINBEDS S.L., ni los altere total o parcialmente. En ning\u00fan caso, ello significar\u00e1 una autorizaci\u00f3n o licencia sobre los derechos de propiedad de ORIGINBEDS S.L.<\/p>\n<p>Queda prohibido, salvo en los casos que expresamente lo autorice ORIGINBEDS S.L., presentar las p\u00e1ginas de ORIGINBEDS S.L., o la informaci\u00f3n contenida en ellas bajo frames o marcos, signos distintivos, marcas o denominaciones sociales o comerciales de otra persona, empresa o entidad.<\/p>\n<h2>Responsabilidad<\/h2>\n<p>ORIGINBEDS S.L. no se hace responsable bajo ning\u00fan concepto por ning\u00fan tipo de da\u00f1o que pudiesen ocasionar los Usuarios a la presente p\u00e1gina Web, o a cualquier otra, por el uso ilegal o indebido de la misma, o de los contenidos e informaciones accesibles o facilitadas a trav\u00e9s de ella.<\/p>\n<h2>Servicio<\/h2>\n<p>ORIGINBEDS S.L. se reserva el derecho de suspender el acceso a su p\u00e1gina Web, sin previo aviso, de forma discrecional y temporal, por razones t\u00e9cnicas o de cualquier otra \u00edndole, pudiendo asimismo modificar unilateralmente tanto las condiciones de acceso, como la totalidad o parte de los contenidos en ella incluidos.<\/p>\n<h2>General<\/h2>\n<p>Para toda cuesti\u00f3n litigiosa o que incumba a la P\u00e1gina Web de ORIGINBEDS S.L., ser\u00e1 de aplicaci\u00f3n la legislaci\u00f3n espa\u00f1ola, siendo competentes para la resoluci\u00f3n de todos los conflictos derivados o relacionados con el uso de esta p\u00e1gina Web, los Juzgados y Tribunales del domicilio del usuario. El acceso a la p\u00e1gina Web de ORIGINBEDS S.L. implica la aceptaci\u00f3n de todas las condiciones anteriormente expresadas.<\/p>\n<h2>Hiperenlaces<\/h2>\n<p>Los hiperenlaces contenidos en el sitio Web de ORIGINBEDS S.L. pueden dirigir a p\u00e1ginas Web de terceros. ORIGINBEDS S.L. no asume ninguna responsabilidad por el contenido, informaciones o servicios que pudieran aparecer en dichos sitios, que tendr\u00e1n exclusivamente car\u00e1cter informativo y que en ning\u00fan caso implican relaci\u00f3n alguna entre ORIGINBEDS S.L. y a las personas o entidades titulares de tales contenidos o titulares de los sitios donde se encuentren.<\/p>\n","protected":false},"excerpt":{"rendered":"<p>Objeto La presente p\u00e1gina Web ha sido dise\u00f1ada para dar a conocer los servicios ofertados por la entidad ORIGINBEDS S.L., C\/ Pozuelo de Zarz\u00f3n N\u00ba 4, de Madrid, C.P. 28005, Espa\u00f1a, con C.I.F. n\u00famero B-87903746 e inscrito en el Registro Mercantil de Madrid al tomo 36355, Folio 155, hoja n\u00famero M-653194, inscripci\u00f3n 1\u00aa; as\u00ed como &hellip; <a href=\"https:\/\/hogosystem.com\/es\/aviso-legal\/\">Continued<\/a><\/p>\n","protected":false},"author":2,"featured_media":0,"parent":0,"menu_order":5,"comment_status":"closed","ping_status":"closed","template":"","meta":{"_acf_changed":false,"footnotes":""},"class_list":["post-2165","page","type-page","status-publish","hentry"],"acf":[],"yoast_head":"<!-- This site is optimized with the Yoast SEO plugin v27.4 - https:\/\/yoast.com\/product\/yoast-seo-wordpress\/ -->\n<title>Aviso Legal - HOGO International<\/title>\n<meta name=\"robots\" content=\"noindex, nofollow\" \/>\n<meta property=\"og:locale\" content=\"es_ES\" \/>\n<meta property=\"og:type\" content=\"article\" \/>\n<meta property=\"og:title\" content=\"Aviso Legal - HOGO International\" \/>\n<meta property=\"og:description\" content=\"Objeto La presente p\u00e1gina Web ha sido dise\u00f1ada para dar a conocer los servicios ofertados por la entidad ORIGINBEDS S.L., C\/ Pozuelo de Zarz\u00f3n N\u00ba 4, de Madrid, C.P. 28005, Espa\u00f1a, con C.I.F. n\u00famero B-87903746 e inscrito en el Registro Mercantil de Madrid al tomo 36355, Folio 155, hoja n\u00famero M-653194, inscripci\u00f3n 1\u00aa; as\u00ed como &hellip; Continued\" \/>\n<meta property=\"og:url\" content=\"https:\/\/hogosystem.com\/es\/aviso-legal\/\" \/>\n<meta property=\"og:site_name\" content=\"HOGO International\" \/>\n<meta property=\"article:modified_time\" content=\"2022-07-26T07:27:49+00:00\" \/>\n<meta name=\"twitter:card\" content=\"summary_large_image\" \/>\n<meta name=\"twitter:label1\" content=\"Tiempo de lectura\" \/>\n\t<meta name=\"twitter:data1\" content=\"4 minutos\" \/>\n<script type=\"application\/ld+json\" class=\"yoast-schema-graph\">{\"@context\":\"https:\\\/\\\/schema.org\",\"@graph\":[{\"@type\":\"WebPage\",\"@id\":\"https:\\\/\\\/hogosystem.com\\\/es\\\/aviso-legal\\\/\",\"url\":\"https:\\\/\\\/hogosystem.com\\\/es\\\/aviso-legal\\\/\",\"name\":\"Aviso Legal - HOGO International\",\"isPartOf\":{\"@id\":\"https:\\\/\\\/hogosystem.com\\\/es\\\/#website\"},\"datePublished\":\"2022-05-23T16:05:47+00:00\",\"dateModified\":\"2022-07-26T07:27:49+00:00\",\"breadcrumb\":{\"@id\":\"https:\\\/\\\/hogosystem.com\\\/es\\\/aviso-legal\\\/#breadcrumb\"},\"inLanguage\":\"es\",\"potentialAction\":[{\"@type\":\"ReadAction\",\"target\":[\"https:\\\/\\\/hogosystem.com\\\/es\\\/aviso-legal\\\/\"]}]},{\"@type\":\"BreadcrumbList\",\"@id\":\"https:\\\/\\\/hogosystem.com\\\/es\\\/aviso-legal\\\/#breadcrumb\",\"itemListElement\":[{\"@type\":\"ListItem\",\"position\":1,\"name\":\"Home\",\"item\":\"https:\\\/\\\/hogosystem.com\\\/es\\\/\"},{\"@type\":\"ListItem\",\"position\":2,\"name\":\"Aviso Legal\"}]},{\"@type\":\"WebSite\",\"@id\":\"https:\\\/\\\/hogosystem.com\\\/es\\\/#website\",\"url\":\"https:\\\/\\\/hogosystem.com\\\/es\\\/\",\"name\":\"HOGO International\",\"description\":\"The best sleep for your health\",\"publisher\":{\"@id\":\"https:\\\/\\\/hogosystem.com\\\/es\\\/#organization\"},\"potentialAction\":[{\"@type\":\"SearchAction\",\"target\":{\"@type\":\"EntryPoint\",\"urlTemplate\":\"https:\\\/\\\/hogosystem.com\\\/es\\\/?s={search_term_string}\"},\"query-input\":{\"@type\":\"PropertyValueSpecification\",\"valueRequired\":true,\"valueName\":\"search_term_string\"}}],\"inLanguage\":\"es\"},{\"@type\":\"Organization\",\"@id\":\"https:\\\/\\\/hogosystem.com\\\/es\\\/#organization\",\"name\":\"HOGO International\",\"url\":\"https:\\\/\\\/hogosystem.com\\\/es\\\/\",\"logo\":{\"@type\":\"ImageObject\",\"inLanguage\":\"es\",\"@id\":\"https:\\\/\\\/hogosystem.com\\\/es\\\/#\\\/schema\\\/logo\\\/image\\\/\",\"url\":\"https:\\\/\\\/hogo-cteyf.kinsta.storage\\\/production\\\/uploads\\\/2022\\\/07\\\/logo.jpg\",\"contentUrl\":\"https:\\\/\\\/hogo-cteyf.kinsta.storage\\\/production\\\/uploads\\\/2022\\\/07\\\/logo.jpg\",\"width\":600,\"height\":330,\"caption\":\"HOGO International\"},\"image\":{\"@id\":\"https:\\\/\\\/hogosystem.com\\\/es\\\/#\\\/schema\\\/logo\\\/image\\\/\"}}]}<\/script>\n<!-- \/ Yoast SEO plugin. -->","yoast_head_json":{"title":"Aviso Legal - HOGO International","robots":{"index":"noindex","follow":"nofollow"},"og_locale":"es_ES","og_type":"article","og_title":"Aviso Legal - HOGO International","og_description":"Objeto La presente p\u00e1gina Web ha sido dise\u00f1ada para dar a conocer los servicios ofertados por la entidad ORIGINBEDS S.L., C\/ Pozuelo de Zarz\u00f3n N\u00ba 4, de Madrid, C.P. 28005, Espa\u00f1a, con C.I.F. n\u00famero B-87903746 e inscrito en el Registro Mercantil de Madrid al tomo 36355, Folio 155, hoja n\u00famero M-653194, inscripci\u00f3n 1\u00aa; as\u00ed como &hellip; Continued","og_url":"https:\/\/hogosystem.com\/es\/aviso-legal\/","og_site_name":"HOGO International","article_modified_time":"2022-07-26T07:27:49+00:00","twitter_card":"summary_large_image","twitter_misc":{"Tiempo de lectura":"4 minutos"},"schema":{"@context":"https:\/\/schema.org","@graph":[{"@type":"WebPage","@id":"https:\/\/hogosystem.com\/es\/aviso-legal\/","url":"https:\/\/hogosystem.com\/es\/aviso-legal\/","name":"Aviso Legal - HOGO International","isPartOf":{"@id":"https:\/\/hogosystem.com\/es\/#website"},"datePublished":"2022-05-23T16:05:47+00:00","dateModified":"2022-07-26T07:27:49+00:00","breadcrumb":{"@id":"https:\/\/hogosystem.com\/es\/aviso-legal\/#breadcrumb"},"inLanguage":"es","potentialAction":[{"@type":"ReadAction","target":["https:\/\/hogosystem.com\/es\/aviso-legal\/"]}]},{"@type":"BreadcrumbList","@id":"https:\/\/hogosystem.com\/es\/aviso-legal\/#breadcrumb","itemListElement":[{"@type":"ListItem","position":1,"name":"Home","item":"https:\/\/hogosystem.com\/es\/"},{"@type":"ListItem","position":2,"name":"Aviso Legal"}]},{"@type":"WebSite","@id":"https:\/\/hogosystem.com\/es\/#website","url":"https:\/\/hogosystem.com\/es\/","name":"HOGO International","description":"The best sleep for your health","publisher":{"@id":"https:\/\/hogosystem.com\/es\/#organization"},"potentialAction":[{"@type":"SearchAction","target":{"@type":"EntryPoint","urlTemplate":"https:\/\/hogosystem.com\/es\/?s={search_term_string}"},"query-input":{"@type":"PropertyValueSpecification","valueRequired":true,"valueName":"search_term_string"}}],"inLanguage":"es"},{"@type":"Organization","@id":"https:\/\/hogosystem.com\/es\/#organization","name":"HOGO International","url":"https:\/\/hogosystem.com\/es\/","logo":{"@type":"ImageObject","inLanguage":"es","@id":"https:\/\/hogosystem.com\/es\/#\/schema\/logo\/image\/","url":"https:\/\/hogo-cteyf.kinsta.storage\/production\/uploads\/2022\/07\/logo.jpg","contentUrl":"https:\/\/hogo-cteyf.kinsta.storage\/production\/uploads\/2022\/07\/logo.jpg","width":600,"height":330,"caption":"HOGO International"},"image":{"@id":"https:\/\/hogosystem.com\/es\/#\/schema\/logo\/image\/"}}]}},"_links":{"self":[{"href":"https:\/\/hogosystem.com\/es\/wp-json\/wp\/v2\/pages\/2165","targetHints":{"allow":["GET"]}}],"collection":[{"href":"https:\/\/hogosystem.com\/es\/wp-json\/wp\/v2\/pages"}],"about":[{"href":"https:\/\/hogosystem.com\/es\/wp-json\/wp\/v2\/types\/page"}],"author":[{"embeddable":true,"href":"https:\/\/hogosystem.com\/es\/wp-json\/wp\/v2\/users\/2"}],"replies":[{"embeddable":true,"href":"https:\/\/hogosystem.com\/es\/wp-json\/wp\/v2\/comments?post=2165"}],"version-history":[{"count":0,"href":"https:\/\/hogosystem.com\/es\/wp-json\/wp\/v2\/pages\/2165\/revisions"}],"wp:attachment":[{"href":"https:\/\/hogosystem.com\/es\/wp-json\/wp\/v2\/media?parent=2165"}],"curies":[{"name":"wp","href":"https:\/\/api.w.org\/{rel}","templated":true}]}}